{"id":4308,"date":"2016-07-14T14:24:55","date_gmt":"2016-07-14T14:24:55","guid":{"rendered":"http:\/\/www.naszsrem1.nazwa.pl\/candymoda\/?post_type=product&#038;p=4308"},"modified":"2026-03-17T11:54:33","modified_gmt":"2026-03-17T11:54:33","slug":"candy-moda-plecaczek-pompe-insulinowa-frozen-roz","status":"publish","type":"product","link":"https:\/\/candymoda.pl\/?product=candy-moda-plecaczek-pompe-insulinowa-frozen-roz","title":{"rendered":"Plecaczek na pomp\u0119 insulinow\u0105 Frozen r\u00f3\u017c"},"content":{"rendered":"<p>Plecaczek jest uszyty z mi\u0119ciutkiego minky. Ozdobiony ta\u015bm\u0105 4cm szeroko\u015bci z filmu Frozen. Szelki grafitowe, gumowe, regulowane. Wymiary plecaczka 9x11x2cm. Pasuje do pomp firm Roche i Medtronic.<\/p>\n","protected":false},"excerpt":{"rendered":"<p>Plecaczek jest uszyty z mi\u0119ciutkiego minky. Ozdobiony ta\u015bm\u0105 4cm szeroko\u015bci z filmu Frozen. Szelki grafitowe, gumowe, regulowane. Wymiary plecaczka 9x11x2cm. Pasuje do pomp firm Roche i Medtronic.<\/p>\n","protected":false},"featured_media":4296,"comment_status":"open","ping_status":"closed","template":"","meta":[],"class_list":{"0":"post-4308","1":"product","2":"type-product","3":"status-publish","4":"has-post-thumbnail","6":"product_cat-plecaki-na-pompy-ins","8":"first","9":"onbackorder","10":"taxable","11":"shipping-taxable","12":"purchasable","13":"product-type-simple"},"_links":{"self":[{"href":"https:\/\/candymoda.pl\/index.php?rest_route=\/wp\/v2\/product\/4308","targetHints":{"allow":["GET"]}}],"collection":[{"href":"https:\/\/candymoda.pl\/index.php?rest_route=\/wp\/v2\/product"}],"about":[{"href":"https:\/\/candymoda.pl\/index.php?rest_route=\/wp\/v2\/types\/product"}],"replies":[{"embeddable":true,"href":"https:\/\/candymoda.pl\/index.php?rest_route=%2Fwp%2Fv2%2Fcomments&post=4308"}],"wp:featuredmedia":[{"embeddable":true,"href":"https:\/\/candymoda.pl\/index.php?rest_route=\/wp\/v2\/media\/4296"}],"wp:attachment":[{"href":"https:\/\/candymoda.pl\/index.php?rest_route=%2Fwp%2Fv2%2Fmedia&parent=4308"}],"curies":[{"name":"wp","href":"https:\/\/api.w.org\/{rel}","templated":true}]}}